{"id":96131,"date":"2023-08-30T15:55:50","date_gmt":"2023-08-30T15:55:50","guid":{"rendered":"https:\/\/ultrajewels.com\/uncategorized\/tissott-race-marc-marquez-2020t1154172705701\/"},"modified":"2026-04-01T05:14:55","modified_gmt":"2026-04-01T05:14:55","slug":"tissott-race-marc-marquez-2020t1154172705701","status":"publish","type":"product","link":"https:\/\/ultrajewels.com\/en\/watches\/tissot-watches\/tissott-race-marc-marquez-2020t1154172705701\/","title":{"rendered":"TISSOT<\/br>T-Race Marc Marquez 2020<\/br>T1154172705701"},"content":{"rendered":"","protected":false},"excerpt":{"rendered":"<p>The new line remains true to the essence of the Tissot T-Race, with features inspired by the motorcycle. Every detail of the watch has been designed to reflect the best of our ambassador and to ensure easy and clear readability with SuperLuminova\u00ae. A new dial is adorned with Marc M\u00e1rquez&#8217;s signature ant motif, a sporty and technical strap takes on the Marc M\u00e1rquez color code with gray rubber, black leather and red stitching. The Marc M\u00e1rquez &#8220;93&#8221; logo engraved on the case back highlights the symbols of the runner.<br \/>\n<strong>Limited Edition Marc Marquez 2020<\/strong><\/p>\n<p><strong>Collection<\/strong>: Special Collections<\/p>\n<p><strong>Movement type:<\/strong> Quartz<\/p>\n<p><strong>Diameter:<\/strong> 43 mm.<\/p>\n<p><strong>Material<\/strong>: Stainless steel<\/p>\n<p><strong>Bracelet:<\/strong> Rubber with leather covering and standard buckle.<\/p>\n<p><strong>Main features:<\/strong> Quartz movement, chronograph, tachymeter, date, Marc Marquez number engraved on the back of the case, special helmet-shaped case, limited edition of 3,993 pieces worldwide.<\/p>\n<p><strong>Warranty:<\/strong> 2 years.<\/p>\n","protected":false},"featured_media":57100,"template":"","meta":[],"product_brand":[],"product_cat":[546,544],"product_tag":[],"actividad":[],"class_list":{"0":"post-96131","1":"product","2":"type-product","3":"status-publish","4":"has-post-thumbnail","6":"product_cat-tissot-watches","7":"product_cat-watches","9":"first","10":"instock","11":"taxable","12":"shipping-taxable","13":"product-type-simple"},"acf":[],"_links":{"self":[{"href":"https:\/\/ultrajewels.com\/en\/wp-json\/wp\/v2\/product\/96131","targetHints":{"allow":["GET"]}}],"collection":[{"href":"https:\/\/ultrajewels.com\/en\/wp-json\/wp\/v2\/product"}],"about":[{"href":"https:\/\/ultrajewels.com\/en\/wp-json\/wp\/v2\/types\/product"}],"version-history":[{"count":1,"href":"https:\/\/ultrajewels.com\/en\/wp-json\/wp\/v2\/product\/96131\/revisions"}],"predecessor-version":[{"id":96132,"href":"https:\/\/ultrajewels.com\/en\/wp-json\/wp\/v2\/product\/96131\/revisions\/96132"}],"wp:featuredmedia":[{"embeddable":true,"href":"https:\/\/ultrajewels.com\/en\/wp-json\/wp\/v2\/media\/57100"}],"wp:attachment":[{"href":"https:\/\/ultrajewels.com\/en\/wp-json\/wp\/v2\/media?parent=96131"}],"wp:term":[{"taxonomy":"product_brand","embeddable":true,"href":"https:\/\/ultrajewels.com\/en\/wp-json\/wp\/v2\/product_brand?post=96131"},{"taxonomy":"product_cat","embeddable":true,"href":"https:\/\/ultrajewels.com\/en\/wp-json\/wp\/v2\/product_cat?post=96131"},{"taxonomy":"product_tag","embeddable":true,"href":"https:\/\/ultrajewels.com\/en\/wp-json\/wp\/v2\/product_tag?post=96131"},{"taxonomy":"actividad","embeddable":true,"href":"https:\/\/ultrajewels.com\/en\/wp-json\/wp\/v2\/actividad?post=96131"}],"curies":[{"name":"wp","href":"https:\/\/api.w.org\/{rel}","templated":true}]}}