{"id":95305,"date":"2023-08-21T16:56:47","date_gmt":"2023-08-21T16:56:47","guid":{"rendered":"https:\/\/ultrajewels.com\/uncategorized\/messikamove-addiction06814-pg\/"},"modified":"2026-03-31T07:40:35","modified_gmt":"2026-03-31T07:40:35","slug":"messikamove-addiction06814-pg","status":"publish","type":"product","link":"https:\/\/ultrajewels.com\/en\/jewelry\/messika-jewelry\/messikamove-addiction06814-pg\/","title":{"rendered":"Messika<\/br>Move Addiction<br>06814-PG"},"content":{"rendered":"","protected":false},"excerpt":{"rendered":"<p>En esta versi\u00f3n pav\u00e9, el collar Move Addiction en oro rosa de 18 quilates revela la fuerza del dise\u00f1o Move, renovado por Gigi Hadid. Con un diamante en movimiento y su dise\u00f1o en vertical, este collar es una joya que a cualquier mujer le encantar\u00e1 llevar todos los d\u00edas como amuleto de la suerte. Puede ajustar su longitud como desee, gracias a un sistema de deslizamiento inteligente. Durante el d\u00eda, como gargantilla para una prenda de moda. Por la noche, como collar para un look cl\u00e1sico. El fino engaste enfatiza el oro rosa del colgante. El oro rosa est\u00e1 de moda estos \u00faltimos a\u00f1os ya que se ha impuesto en la joyer\u00eda. Un detalle elegante: los cuatro diamantes que adornan la cadena tambi\u00e9n iluminan esta joya<\/p>\n<p><strong>Material:<\/strong>: Oro Rosa<\/p>\n<p><strong>Piedras:<\/strong>: Diamante<\/p>\n<p><strong>Peso de los diamantes<\/strong>: 0,30 quilates<\/p>\n","protected":false},"featured_media":61808,"template":"","meta":[],"product_brand":[],"product_cat":[547,570],"product_tag":[],"actividad":[],"class_list":{"0":"post-95305","1":"product","2":"type-product","3":"status-publish","4":"has-post-thumbnail","6":"product_cat-jewelry","7":"product_cat-messika-jewelry","9":"first","10":"instock","11":"taxable","12":"shipping-taxable","13":"product-type-simple"},"acf":[],"_links":{"self":[{"href":"https:\/\/ultrajewels.com\/en\/wp-json\/wp\/v2\/product\/95305","targetHints":{"allow":["GET"]}}],"collection":[{"href":"https:\/\/ultrajewels.com\/en\/wp-json\/wp\/v2\/product"}],"about":[{"href":"https:\/\/ultrajewels.com\/en\/wp-json\/wp\/v2\/types\/product"}],"version-history":[{"count":1,"href":"https:\/\/ultrajewels.com\/en\/wp-json\/wp\/v2\/product\/95305\/revisions"}],"predecessor-version":[{"id":153422,"href":"https:\/\/ultrajewels.com\/en\/wp-json\/wp\/v2\/product\/95305\/revisions\/153422"}],"wp:featuredmedia":[{"embeddable":true,"href":"https:\/\/ultrajewels.com\/en\/wp-json\/wp\/v2\/media\/61808"}],"wp:attachment":[{"href":"https:\/\/ultrajewels.com\/en\/wp-json\/wp\/v2\/media?parent=95305"}],"wp:term":[{"taxonomy":"product_brand","embeddable":true,"href":"https:\/\/ultrajewels.com\/en\/wp-json\/wp\/v2\/product_brand?post=95305"},{"taxonomy":"product_cat","embeddable":true,"href":"https:\/\/ultrajewels.com\/en\/wp-json\/wp\/v2\/product_cat?post=95305"},{"taxonomy":"product_tag","embeddable":true,"href":"https:\/\/ultrajewels.com\/en\/wp-json\/wp\/v2\/product_tag?post=95305"},{"taxonomy":"actividad","embeddable":true,"href":"https:\/\/ultrajewels.com\/en\/wp-json\/wp\/v2\/actividad?post=95305"}],"curies":[{"name":"wp","href":"https:\/\/api.w.org\/{rel}","templated":true}]}}